


{"id":163,"date":"2020-12-09T15:31:38","date_gmt":"2020-12-09T15:31:38","guid":{"rendered":"https:\/\/aquawallgym.com\/en\/product\/import-placeholder-for-1073\/"},"modified":"2021-01-12T01:42:11","modified_gmt":"2021-01-12T01:42:11","slug":"aquawallgymtm","status":"publish","type":"product","link":"https:\/\/aquawallgym.com\/en\/product\/aquawallgymtm\/","title":{"rendered":"Aquawallgym<sup>TM<\/sup>"},"content":{"rendered":"<p>As the first mobile underwater gym equipment on the market, Aquawallgym<sup>TM<\/sup> combines the beneficial properties of the water with elastic resistance. With this ability trainings could be more effective and diverse. With the help of the water it makes the users to be able to do exercises in any direction without load on their joints.<\/p>\n<p>The effect of the different applying points combined with our supplementary products could make the trainings more effective and diverse, only depending on your creativity. Due to the special abilities of our additional products it\u2019s ideal for rehabilitation, cardio and sport-specific training as well. Next to muscle-strength it also could increase the users\u2019 coordination, stamina and speed.<\/p>\n<p>It can be used in pools with shallow and deep water, outdoors and indoors as well. It can be applied to overflow white grid, barrier or even to starting block. Furthermore, we are open to develop any new form of application according to the users\u2019 needs.<\/p>\n<p>If you are training with Aquawallgym<sup>TM<\/sup> rubber tubes and special belts are essentials. You can increase the intensity and the diversity of the trainings with our other innovations like the handgrips, ankle straps, wristbands, sandals, aquastick, heavy belt or the heavy ball.<\/p>\n","protected":false},"excerpt":{"rendered":"<p>As the first mobile underwater gym equipment on the market, Aquawallgym<sup>TM<\/sup> combines the beneficial properties of the water with elastic resistance.<\/p>\n<p>Thanks to the effect of applying points combined with the wide range of supplementary products it could make trainings more effective and diverse, only depending on your creativity.<\/p>\n<p>Due to the special abilities of our additional products it\u2019s ideal for recreational activities, rehabilitation and sport-specific training as well. Next to muscle-strength it could also increase the users\u2019 coordination, stamina and speed.<\/p>\n<p>It is portable and easily adjustable to any kind of outdoor or indoor pool which has a water level of more than 1 m.<\/p>\n<p><em>Material: stainless-steel with rubber ends<\/em><\/p>\n<p><em>High quality Hungarian product tested by T\u00dcV<\/em><\/p>\n<p><em>Size: 135\u00d745 x5 5cm; closed: 110\u00d745cm<\/em><\/p>\n<p><em>Weight: 3 kg<\/em><\/p>\n<p>Come and try it!<\/p>\n<p>If you are interested, please contact us via phone and you\u2019ll get the chance to try out this unique equipment for free. In case of sport clubs and elite athletes we provide the opportunity to try the Aquawallgym<sup>TM<\/sup>, where their trainings take place.<\/p>\n<p>Contact us at +36 20 33 33 948<\/p>\n","protected":false},"featured_media":66,"template":"","meta":[],"product_cat":[16],"product_tag":[],"yoast_head":"<!-- This site is optimized with the Yoast SEO plugin v21.3 - https:\/\/yoast.com\/wordpress\/plugins\/seo\/ -->\n<title>AquawallgymTM - Aquawallgym<\/title>\n<meta name=\"robots\" content=\"index, follow, max-snippet:-1, max-image-preview:large, max-video-preview:-1\" \/>\n<link rel=\"canonical\" href=\"https:\/\/aquawallgym.com\/en\/product\/aquawallgymtm\/\" \/>\n<meta property=\"og:locale\" content=\"en_GB\" \/>\n<meta property=\"og:type\" content=\"article\" \/>\n<meta property=\"og:title\" content=\"AquawallgymTM - Aquawallgym\" \/>\n<meta property=\"og:description\" content=\"As the first mobile underwater gym equipment on the market, AquawallgymTM combines the beneficial properties of the water with elastic resistance.  Thanks to the effect of applying points combined with the wide range of supplementary products it could make trainings more effective and diverse, only depending on your creativity.  Due to the special abilities of our additional products it\u2019s ideal for recreational activities, rehabilitation and sport-specific training as well. Next to muscle-strength it could also increase the users\u2019 coordination, stamina and speed.  It is portable and easily adjustable to any kind of outdoor or indoor pool which has a water level of more than 1 m.  Material: stainless-steel with rubber ends  High quality Hungarian product tested by T\u00dcV  Size: 135\u00d745 x5 5cm; closed: 110\u00d745cm  Weight: 3 kg  Come and try it!  If you are interested, please contact us via phone and you\u2019ll get the chance to try out this unique equipment for free. In case of sport clubs and elite athletes we provide the opportunity to try the AquawallgymTM, where their trainings take place.  Contact us at +36 20 33 33 948\" \/>\n<meta property=\"og:url\" content=\"https:\/\/aquawallgym.com\/en\/product\/aquawallgymtm\/\" \/>\n<meta property=\"og:site_name\" content=\"Aquawallgym\" \/>\n<meta property=\"article:modified_time\" content=\"2021-01-12T01:42:11+00:00\" \/>\n<meta property=\"og:image\" content=\"https:\/\/aquawallgym.com\/en\/wp-content\/uploads\/sites\/2\/2020\/12\/awg-1-Copy.jpg\" \/>\n\t<meta property=\"og:image:width\" content=\"605\" \/>\n\t<meta property=\"og:image:height\" content=\"605\" \/>\n\t<meta property=\"og:image:type\" content=\"image\/jpeg\" \/>\n<meta name=\"twitter:card\" content=\"summary_large_image\" \/>\n<meta name=\"twitter:label1\" content=\"Estimated reading time\" \/>\n\t<meta name=\"twitter:data1\" content=\"1 minute\" \/>\n<script type=\"application\/ld+json\" class=\"yoast-schema-graph\">{\"@context\":\"https:\/\/schema.org\",\"@graph\":[{\"@type\":\"WebPage\",\"@id\":\"https:\/\/aquawallgym.com\/en\/product\/aquawallgymtm\/\",\"url\":\"https:\/\/aquawallgym.com\/en\/product\/aquawallgymtm\/\",\"name\":\"AquawallgymTM - Aquawallgym\",\"isPartOf\":{\"@id\":\"https:\/\/aquawallgym.com\/en\/#website\"},\"datePublished\":\"2020-12-09T15:31:38+00:00\",\"dateModified\":\"2021-01-12T01:42:11+00:00\",\"breadcrumb\":{\"@id\":\"https:\/\/aquawallgym.com\/en\/product\/aquawallgymtm\/#breadcrumb\"},\"inLanguage\":\"en-GB\",\"potentialAction\":[{\"@type\":\"ReadAction\",\"target\":[\"https:\/\/aquawallgym.com\/en\/product\/aquawallgymtm\/\"]}]},{\"@type\":\"BreadcrumbList\",\"@id\":\"https:\/\/aquawallgym.com\/en\/product\/aquawallgymtm\/#breadcrumb\",\"itemListElement\":[{\"@type\":\"ListItem\",\"position\":1,\"name\":\"Home\",\"item\":\"https:\/\/aquawallgym.com\/en\/\"},{\"@type\":\"ListItem\",\"position\":2,\"name\":\"Products\",\"item\":\"https:\/\/aquawallgym.com\/en\/shop\/\"},{\"@type\":\"ListItem\",\"position\":3,\"name\":\"AquawallgymTM\"}]},{\"@type\":\"WebSite\",\"@id\":\"https:\/\/aquawallgym.com\/en\/#website\",\"url\":\"https:\/\/aquawallgym.com\/en\/\",\"name\":\"Aquawallgym\",\"description\":\"\",\"publisher\":{\"@id\":\"https:\/\/aquawallgym.com\/en\/#organization\"},\"potentialAction\":[{\"@type\":\"SearchAction\",\"target\":{\"@type\":\"EntryPoint\",\"urlTemplate\":\"https:\/\/aquawallgym.com\/en\/?s={search_term_string}\"},\"query-input\":\"required name=search_term_string\"}],\"inLanguage\":\"en-GB\"},{\"@type\":\"Organization\",\"@id\":\"https:\/\/aquawallgym.com\/en\/#organization\",\"name\":\"Aquawallgym\",\"url\":\"https:\/\/aquawallgym.com\/en\/\",\"logo\":{\"@type\":\"ImageObject\",\"inLanguage\":\"en-GB\",\"@id\":\"https:\/\/aquawallgym.com\/en\/#\/schema\/logo\/image\/\",\"url\":\"https:\/\/aquawallgym.com\/en\/wp-content\/uploads\/sites\/2\/2020\/12\/aqua_logo_full.png\",\"contentUrl\":\"https:\/\/aquawallgym.com\/en\/wp-content\/uploads\/sites\/2\/2020\/12\/aqua_logo_full.png\",\"width\":497,\"height\":100,\"caption\":\"Aquawallgym\"},\"image\":{\"@id\":\"https:\/\/aquawallgym.com\/en\/#\/schema\/logo\/image\/\"}}]}<\/script>\n<!-- \/ Yoast SEO plugin. -->","yoast_head_json":{"title":"AquawallgymTM - Aquawallgym","robots":{"index":"index","follow":"follow","max-snippet":"max-snippet:-1","max-image-preview":"max-image-preview:large","max-video-preview":"max-video-preview:-1"},"canonical":"https:\/\/aquawallgym.com\/en\/product\/aquawallgymtm\/","og_locale":"en_GB","og_type":"article","og_title":"AquawallgymTM - Aquawallgym","og_description":"As the first mobile underwater gym equipment on the market, AquawallgymTM combines the beneficial properties of the water with elastic resistance.  Thanks to the effect of applying points combined with the wide range of supplementary products it could make trainings more effective and diverse, only depending on your creativity.  Due to the special abilities of our additional products it\u2019s ideal for recreational activities, rehabilitation and sport-specific training as well. Next to muscle-strength it could also increase the users\u2019 coordination, stamina and speed.  It is portable and easily adjustable to any kind of outdoor or indoor pool which has a water level of more than 1 m.  Material: stainless-steel with rubber ends  High quality Hungarian product tested by T\u00dcV  Size: 135\u00d745 x5 5cm; closed: 110\u00d745cm  Weight: 3 kg  Come and try it!  If you are interested, please contact us via phone and you\u2019ll get the chance to try out this unique equipment for free. In case of sport clubs and elite athletes we provide the opportunity to try the AquawallgymTM, where their trainings take place.  Contact us at +36 20 33 33 948","og_url":"https:\/\/aquawallgym.com\/en\/product\/aquawallgymtm\/","og_site_name":"Aquawallgym","article_modified_time":"2021-01-12T01:42:11+00:00","og_image":[{"width":605,"height":605,"url":"https:\/\/aquawallgym.com\/en\/wp-content\/uploads\/sites\/2\/2020\/12\/awg-1-Copy.jpg","type":"image\/jpeg"}],"twitter_card":"summary_large_image","twitter_misc":{"Estimated reading time":"1 minute"},"schema":{"@context":"https:\/\/schema.org","@graph":[{"@type":"WebPage","@id":"https:\/\/aquawallgym.com\/en\/product\/aquawallgymtm\/","url":"https:\/\/aquawallgym.com\/en\/product\/aquawallgymtm\/","name":"AquawallgymTM - Aquawallgym","isPartOf":{"@id":"https:\/\/aquawallgym.com\/en\/#website"},"datePublished":"2020-12-09T15:31:38+00:00","dateModified":"2021-01-12T01:42:11+00:00","breadcrumb":{"@id":"https:\/\/aquawallgym.com\/en\/product\/aquawallgymtm\/#breadcrumb"},"inLanguage":"en-GB","potentialAction":[{"@type":"ReadAction","target":["https:\/\/aquawallgym.com\/en\/product\/aquawallgymtm\/"]}]},{"@type":"BreadcrumbList","@id":"https:\/\/aquawallgym.com\/en\/product\/aquawallgymtm\/#breadcrumb","itemListElement":[{"@type":"ListItem","position":1,"name":"Home","item":"https:\/\/aquawallgym.com\/en\/"},{"@type":"ListItem","position":2,"name":"Products","item":"https:\/\/aquawallgym.com\/en\/shop\/"},{"@type":"ListItem","position":3,"name":"AquawallgymTM"}]},{"@type":"WebSite","@id":"https:\/\/aquawallgym.com\/en\/#website","url":"https:\/\/aquawallgym.com\/en\/","name":"Aquawallgym","description":"","publisher":{"@id":"https:\/\/aquawallgym.com\/en\/#organization"},"potentialAction":[{"@type":"SearchAction","target":{"@type":"EntryPoint","urlTemplate":"https:\/\/aquawallgym.com\/en\/?s={search_term_string}"},"query-input":"required name=search_term_string"}],"inLanguage":"en-GB"},{"@type":"Organization","@id":"https:\/\/aquawallgym.com\/en\/#organization","name":"Aquawallgym","url":"https:\/\/aquawallgym.com\/en\/","logo":{"@type":"ImageObject","inLanguage":"en-GB","@id":"https:\/\/aquawallgym.com\/en\/#\/schema\/logo\/image\/","url":"https:\/\/aquawallgym.com\/en\/wp-content\/uploads\/sites\/2\/2020\/12\/aqua_logo_full.png","contentUrl":"https:\/\/aquawallgym.com\/en\/wp-content\/uploads\/sites\/2\/2020\/12\/aqua_logo_full.png","width":497,"height":100,"caption":"Aquawallgym"},"image":{"@id":"https:\/\/aquawallgym.com\/en\/#\/schema\/logo\/image\/"}}]}},"_links":{"self":[{"href":"https:\/\/aquawallgym.com\/en\/wp-json\/wp\/v2\/product\/163"}],"collection":[{"href":"https:\/\/aquawallgym.com\/en\/wp-json\/wp\/v2\/product"}],"about":[{"href":"https:\/\/aquawallgym.com\/en\/wp-json\/wp\/v2\/types\/product"}],"wp:featuredmedia":[{"embeddable":true,"href":"https:\/\/aquawallgym.com\/en\/wp-json\/wp\/v2\/media\/66"}],"wp:attachment":[{"href":"https:\/\/aquawallgym.com\/en\/wp-json\/wp\/v2\/media?parent=163"}],"wp:term":[{"taxonomy":"product_cat","embeddable":true,"href":"https:\/\/aquawallgym.com\/en\/wp-json\/wp\/v2\/product_cat?post=163"},{"taxonomy":"product_tag","embeddable":true,"href":"https:\/\/aquawallgym.com\/en\/wp-json\/wp\/v2\/product_tag?post=163"}],"curies":[{"name":"wp","href":"https:\/\/api.w.org\/{rel}","templated":true}]}}